{"id":279,"date":"2019-04-03T12:23:29","date_gmt":"2019-04-03T12:23:29","guid":{"rendered":"http:\/\/demo.athemes.com\/airi-business2\/?page_id=279"},"modified":"2024-05-14T08:56:31","modified_gmt":"2024-05-14T08:56:31","slug":"home","status":"publish","type":"page","link":"https:\/\/www.squirrelpark.sk\/","title":{"rendered":"Home"},"content":{"rendered":"\t\t<div data-elementor-type=\"wp-post\" data-elementor-id=\"279\" class=\"elementor elementor-279\">\n\t\t\t\t\t\t\t\t\t<section class=\"elementor-section elementor-top-section elementor-element elementor-element-5b9dfebc elementor-section-boxed elementor-section-height-default elementor-section-height-default\" data-id=\"5b9dfebc\" data-element_type=\"section\" data-settings=\"{&quot;background_background&quot;:&quot;classic&quot;}\">\n\t\t\t\t\t\t\t<div class=\"elementor-background-overlay\"><\/div>\n\t\t\t\t\t\t\t<div class=\"elementor-container elementor-column-gap-default\">\n\t\t\t\t\t<div class=\"elementor-column elementor-col-100 elementor-top-column elementor-element elementor-element-63cf314b\" data-id=\"63cf314b\" data-element_type=\"column\">\n\t\t\t<div class=\"elementor-widget-wrap elementor-element-populated\">\n\t\t\t\t\t\t\t\t<section class=\"elementor-section elementor-inner-section elementor-element elementor-element-259acea elementor-section-boxed elementor-section-height-default elementor-section-height-default\" data-id=\"259acea\" data-element_type=\"section\">\n\t\t\t\t\t\t<div class=\"elementor-container elementor-column-gap-default\">\n\t\t\t\t\t<div class=\"elementor-column elementor-col-50 elementor-inner-column elementor-element elementor-element-e4126bd\" data-id=\"e4126bd\" data-element_type=\"column\">\n\t\t\t<div class=\"elementor-widget-wrap\">\n\t\t\t\t\t\t\t\t\t<\/div>\n\t\t<\/div>\n\t\t\t\t<div class=\"elementor-column elementor-col-50 elementor-inner-column elementor-element elementor-element-9d86933\" data-id=\"9d86933\" data-element_type=\"column\">\n\t\t\t<div class=\"elementor-widget-wrap\">\n\t\t\t\t\t\t\t\t\t<\/div>\n\t\t<\/div>\n\t\t\t\t\t\t\t<\/div>\n\t\t<\/section>\n\t\t\t\t<div class=\"elementor-element elementor-element-5872f44 elementor-invisible elementor-widget elementor-widget-heading\" data-id=\"5872f44\" data-element_type=\"widget\" data-settings=\"{&quot;_animation&quot;:&quot;zoomIn&quot;}\" data-widget_type=\"heading.default\">\n\t\t\t\t<div class=\"elementor-widget-container\">\n\t\t\t<style>\/*! elementor - v3.7.2 - 21-08-2022 *\/\n.elementor-heading-title{padding:0;margin:0;line-height:1}.elementor-widget-heading .elementor-heading-title[class*=elementor-size-]>a{color:inherit;font-size:inherit;line-height:inherit}.elementor-widget-heading .elementor-heading-title.elementor-size-small{font-size:15px}.elementor-widget-heading .elementor-heading-title.elementor-size-medium{font-size:19px}.elementor-widget-heading .elementor-heading-title.elementor-size-large{font-size:29px}.elementor-widget-heading .elementor-heading-title.elementor-size-xl{font-size:39px}.elementor-widget-heading .elementor-heading-title.elementor-size-xxl{font-size:59px}<\/style><h1 class=\"elementor-heading-title elementor-size-xxl\">SAMA PR\u00cdRODA JE TO, \u010cO N\u00c1S SP\u00c1JA ...<\/h1>\t\t<\/div>\n\t\t\t\t<\/div>\n\t\t\t\t<div class=\"elementor-element elementor-element-201b51ac elementor-invisible elementor-widget elementor-widget-heading\" data-id=\"201b51ac\" data-element_type=\"widget\" data-settings=\"{&quot;_animation&quot;:&quot;zoomIn&quot;}\" data-widget_type=\"heading.default\">\n\t\t\t\t<div class=\"elementor-widget-container\">\n\t\t\t<div class=\"elementor-heading-title elementor-size-small\">SME SPOLO\u010cNOS\u0164 ktor\u00e1 stavia, udr\u017eiava a prev\u00e1dzkuje lanov\u00e9 z\u00e1bavn\u00e9 parky v pr\u00edrode.<\/div>\t\t<\/div>\n\t\t\t\t<\/div>\n\t\t\t\t<div class=\"elementor-element elementor-element-28895f5 elementor-align-center elementor-widget elementor-widget-button\" data-id=\"28895f5\" data-element_type=\"widget\" data-widget_type=\"button.default\">\n\t\t\t\t<div class=\"elementor-widget-container\">\n\t\t\t\t\t<div class=\"elementor-button-wrapper\">\n\t\t\t<a href=\"https:\/\/www.squirrelpark.sk\/index.php\/otvaracie-hodiny-parku\/\" class=\"elementor-button-link elementor-button elementor-size-sm\" role=\"button\">\n\t\t\t\t\t\t<span class=\"elementor-button-content-wrapper\">\n\t\t\t\t\t\t<span class=\"elementor-button-text\">Otv\u00e1racie hodiny parku<\/span>\n\t\t<\/span>\n\t\t\t\t\t<\/a>\n\t\t<\/div>\n\t\t\t\t<\/div>\n\t\t\t\t<\/div>\n\t\t\t\t<div class=\"elementor-element elementor-element-c7a5463 elementor-align-center elementor-widget elementor-widget-button\" data-id=\"c7a5463\" data-element_type=\"widget\" data-widget_type=\"button.default\">\n\t\t\t\t<div class=\"elementor-widget-container\">\n\t\t\t\t\t<div class=\"elementor-button-wrapper\">\n\t\t\t<a href=\"https:\/\/www.squirrelpark.sk\/index.php\/cennik-vstupov\" class=\"elementor-button-link elementor-button elementor-size-md\" role=\"button\">\n\t\t\t\t\t\t<span class=\"elementor-button-content-wrapper\">\n\t\t\t\t\t\t\t<span class=\"elementor-button-icon elementor-align-icon-left\">\n\t\t\t\t<i aria-hidden=\"true\" class=\"fas fa-donate\"><\/i>\t\t\t<\/span>\n\t\t\t\t\t\t<span class=\"elementor-button-text\">Cenn\u00edk vstupov<\/span>\n\t\t<\/span>\n\t\t\t\t\t<\/a>\n\t\t<\/div>\n\t\t\t\t<\/div>\n\t\t\t\t<\/div>\n\t\t\t\t<div class=\"elementor-element elementor-element-3c8a93a3 elementor-align-center elementor-invisible elementor-widget elementor-widget-button\" data-id=\"3c8a93a3\" data-element_type=\"widget\" data-settings=\"{&quot;_animation&quot;:&quot;fadeInUp&quot;,&quot;_animation_delay&quot;:300}\" data-widget_type=\"button.default\">\n\t\t\t\t<div class=\"elementor-widget-container\">\n\t\t\t\t\t<div class=\"elementor-button-wrapper\">\n\t\t\t<a href=\"https:\/\/www.squirrelpark.sk\/index.php\/contact-us\/\" class=\"elementor-button-link elementor-button elementor-size-sm\" role=\"button\">\n\t\t\t\t\t\t<span class=\"elementor-button-content-wrapper\">\n\t\t\t\t\t\t<span class=\"elementor-button-text\">SPOJTE SA S NAMI...<\/span>\n\t\t<\/span>\n\t\t\t\t\t<\/a>\n\t\t<\/div>\n\t\t\t\t<\/div>\n\t\t\t\t<\/div>\n\t\t\t\t\t<\/div>\n\t\t<\/div>\n\t\t\t\t\t\t\t<\/div>\n\t\t<\/section>\n\t\t\t\t<section class=\"elementor-section elementor-top-section elementor-element elementor-element-50a3189 elementor-section-boxed elementor-section-height-default elementor-section-height-default\" data-id=\"50a3189\" data-element_type=\"section\">\n\t\t\t\t\t\t<div class=\"elementor-container elementor-column-gap-default\">\n\t\t\t\t\t<div class=\"elementor-column elementor-col-100 elementor-top-column elementor-element elementor-element-b24a017\" data-id=\"b24a017\" data-element_type=\"column\">\n\t\t\t<div class=\"elementor-widget-wrap elementor-element-populated\">\n\t\t\t\t\t\t\t\t<div class=\"elementor-element elementor-element-ec1ede1 elementor-invisible elementor-widget elementor-widget-heading\" data-id=\"ec1ede1\" data-element_type=\"widget\" data-settings=\"{&quot;_animation&quot;:&quot;zoomIn&quot;}\" data-widget_type=\"heading.default\">\n\t\t\t\t<div class=\"elementor-widget-container\">\n\t\t\t<h4 class=\"elementor-heading-title elementor-size-default\"><p style=\"margin-bottom: 0cm\"><font face=\"Arial, sans-serif\">PREV\u00c1DZKOV\u00dd   PORIADOK<\/font><\/p><p style=\"margin-bottom: 0cm\"><font face=\"Arial, sans-serif\">PRAVIDL\u00c1 SPR\u00c1VANIA SA V LANOVOM PARKU<\/font><\/p><\/h4>\t\t<\/div>\n\t\t\t\t<\/div>\n\t\t\t\t\t<\/div>\n\t\t<\/div>\n\t\t\t\t\t\t\t<\/div>\n\t\t<\/section>\n\t\t\t\t<section class=\"elementor-section elementor-top-section elementor-element elementor-element-e7a731f elementor-section-boxed elementor-section-height-default elementor-section-height-default\" data-id=\"e7a731f\" data-element_type=\"section\">\n\t\t\t\t\t\t<div class=\"elementor-container elementor-column-gap-default\">\n\t\t\t\t\t<div class=\"elementor-column elementor-col-100 elementor-top-column elementor-element elementor-element-eea79c8\" data-id=\"eea79c8\" data-element_type=\"column\">\n\t\t\t<div class=\"elementor-widget-wrap elementor-element-populated\">\n\t\t\t\t\t\t\t\t<div class=\"elementor-element elementor-element-2180771 elementor-widget elementor-widget-heading\" data-id=\"2180771\" data-element_type=\"widget\" data-widget_type=\"heading.default\">\n\t\t\t\t<div class=\"elementor-widget-container\">\n\t\t\t<div class=\"elementor-heading-title elementor-size-default\"><p style=\"margin-bottom: 0cm\"><font face=\"Arial, sans-serif\">Lanov\u00fd park bol vybudovan\u00fd a jeho prev\u00e1dzka sa riadi pod\u013ea predpisov EN 15567-1:2015+A1:2020 (E) a EN 15567-2 <\/font>\n<\/p><\/div>\t\t<\/div>\n\t\t\t\t<\/div>\n\t\t\t\t\t<\/div>\n\t\t<\/div>\n\t\t\t\t\t\t\t<\/div>\n\t\t<\/section>\n\t\t\t\t<section class=\"elementor-section elementor-top-section elementor-element elementor-element-16fc6ce2 elementor-section-boxed elementor-section-height-default elementor-section-height-default\" data-id=\"16fc6ce2\" data-element_type=\"section\">\n\t\t\t\t\t\t<div class=\"elementor-container elementor-column-gap-default\">\n\t\t\t\t\t<div class=\"elementor-column elementor-col-100 elementor-top-column elementor-element elementor-element-5151d77\" data-id=\"5151d77\" data-element_type=\"column\">\n\t\t\t<div class=\"elementor-widget-wrap elementor-element-populated\">\n\t\t\t\t\t\t\t\t<div class=\"elementor-element elementor-element-2af03d1d elementor-widget elementor-widget-spacer\" data-id=\"2af03d1d\" data-element_type=\"widget\" data-widget_type=\"spacer.default\">\n\t\t\t\t<div class=\"elementor-widget-container\">\n\t\t\t<style>\/*! elementor - v3.7.2 - 21-08-2022 *\/\n.elementor-column .elementor-spacer-inner{height:var(--spacer-size)}.e-container{--container-widget-width:100%}.e-container>.elementor-widget-spacer{width:var(--container-widget-width,var(--spacer-size));-ms-flex-item-align:stretch;align-self:stretch;-ms-flex-negative:0;flex-shrink:0}.e-container>.elementor-widget-spacer>.elementor-widget-container,.e-container>.elementor-widget-spacer>.elementor-widget-container>.elementor-spacer{height:100%}.e-container>.elementor-widget-spacer>.elementor-widget-container>.elementor-spacer>.elementor-spacer-inner{height:var(--container-widget-height,var(--spacer-size))}<\/style>\t\t<div class=\"elementor-spacer\">\n\t\t\t<div class=\"elementor-spacer-inner\"><\/div>\n\t\t<\/div>\n\t\t\t\t<\/div>\n\t\t\t\t<\/div>\n\t\t\t\t\t<\/div>\n\t\t<\/div>\n\t\t\t\t\t\t\t<\/div>\n\t\t<\/section>\n\t\t\t\t<section class=\"elementor-section elementor-top-section elementor-element elementor-element-8363c67 elementor-section-boxed elementor-section-height-default elementor-section-height-default\" data-id=\"8363c67\" data-element_type=\"section\">\n\t\t\t\t\t\t<div class=\"elementor-container elementor-column-gap-default\">\n\t\t\t\t\t<div class=\"elementor-column elementor-col-33 elementor-top-column elementor-element elementor-element-fdb24c2\" data-id=\"fdb24c2\" data-element_type=\"column\">\n\t\t\t<div class=\"elementor-widget-wrap elementor-element-populated\">\n\t\t\t\t\t\t\t\t<div class=\"elementor-element elementor-element-3671939 elementor-widget elementor-widget-text-editor\" data-id=\"3671939\" data-element_type=\"widget\" data-widget_type=\"text-editor.default\">\n\t\t\t\t<div class=\"elementor-widget-container\">\n\t\t\t<style>\/*! elementor - v3.7.2 - 21-08-2022 *\/\n.elementor-widget-text-editor.elementor-drop-cap-view-stacked .elementor-drop-cap{background-color:#818a91;color:#fff}.elementor-widget-text-editor.elementor-drop-cap-view-framed .elementor-drop-cap{color:#818a91;border:3px solid;background-color:transparent}.elementor-widget-text-editor:not(.elementor-drop-cap-view-default) .elementor-drop-cap{margin-top:8px}.elementor-widget-text-editor:not(.elementor-drop-cap-view-default) .elementor-drop-cap-letter{width:1em;height:1em}.elementor-widget-text-editor .elementor-drop-cap{float:left;text-align:center;line-height:1;font-size:50px}.elementor-widget-text-editor .elementor-drop-cap-letter{display:inline-block}<\/style>\t\t\t\t<p style=\"margin-bottom: 0cm\"><font face=\"Arial, sans-serif\"><br><\/font><\/p>\n<p style=\"margin-bottom: 0cm\"><font face=\"Arial, sans-serif\"><b>Predt\u00fdm&nbsp;ne\u017e vst\u00fapite na z\u00e1bavn\u00fd lanov\u00fd park je pre V\u00e1s povinn\u00e9:<\/b><\/font><\/p>\n<p><\/p>\n<ul>\n<li>\n<p style=\"margin-bottom: 0cm\">                <font face=\"Arial, sans-serif\">pozorne&nbsp;si pre\u010d\u00edta\u0165 tento prev\u00e1dzkov\u00fd poriadok&nbsp;<\/font><\/p>\n<\/li>\n<li>\n<p style=\"margin-bottom: 0cm\"><span style=\"font-family: Arial, sans-serif;\">naozaj&nbsp;<\/span><span style=\"font-family: Arial, sans-serif;\">si pozorne vypo\u010du\u0165 cel\u00fa in\u0161trukt\u00e1\u017e od vy\u0161kolenej obsluhy&nbsp;<\/span><span style=\"font-family: Arial, sans-serif;\">prev\u00e1dzky parku<\/span><\/p>\n<\/li>\n<li>\n<p style=\"margin-bottom: 0cm\">                <font face=\"Arial, sans-serif\">spr\u00e1vne&nbsp;sa obliec\u0165 a nasadi\u0165 si cel\u00fa v\u00fdstroj <\/font>\n\t<\/p>\n<\/li>\n<li>\n<p style=\"margin-bottom: 0cm\">                <font face=\"Arial, sans-serif\">konkr\u00e9tne &#8220;sed\u00e1k\/\u00fav\u00e4z&#8221; s dvoma karab\u00ednami a jednou kladkou a ochrann\u00fa&nbsp;prilbu<\/font><\/p>\n<\/li>\n<li>\n<p style=\"margin-bottom: 0cm\">                <font face=\"Arial, sans-serif\">aby&nbsp;ste si spr\u00e1vne nasaden\u00fd a odbornou obsluhou parku skontrolovan\u00fd&nbsp;<\/font><span style=\"font-family: Arial, sans-serif;\">v\u00fdstroj&nbsp;vysk\u00fa\u0161ali na mieste k tomu ur\u010denom<\/span><\/p><\/li>\n<\/ul>\t\t\t\t\t\t<\/div>\n\t\t\t\t<\/div>\n\t\t\t\t\t<\/div>\n\t\t<\/div>\n\t\t\t\t<div class=\"elementor-column elementor-col-33 elementor-top-column elementor-element elementor-element-2c6a16a\" data-id=\"2c6a16a\" data-element_type=\"column\">\n\t\t\t<div class=\"elementor-widget-wrap elementor-element-populated\">\n\t\t\t\t\t\t\t\t<div class=\"elementor-element elementor-element-d885167 elementor-widget elementor-widget-text-editor\" data-id=\"d885167\" data-element_type=\"widget\" data-widget_type=\"text-editor.default\">\n\t\t\t\t<div class=\"elementor-widget-container\">\n\t\t\t\t\t\t\t<p style=\"margin-bottom: 0cm\"><font face=\"Arial, sans-serif\"><br><\/font><\/p>\n<p style=\"margin-bottom: 0cm\"><font face=\"Arial, sans-serif\"><b>Ak ste&nbsp;u\u017e vst\u00fapili na prek\u00e1\u017eky lanov\u00e9ho parku je pre V\u00e1s povinn\u00e9:<\/b><\/font><\/p>\n<p><\/p>\n<ul>\n<li>\n<p style=\"margin-bottom: 0cm\">                <font face=\"Arial, sans-serif\">by\u0165&nbsp;isten\u00fd (t.j. pripnut\u00fd k istiacemu lanu) dvoma istiacimi karab\u00ednami<\/font>&nbsp;<span style=\"font-family: Arial, sans-serif;\">v\u00e1\u0161ho<br>\tv\u00fdstroja ktor\u00e9 s\u00fa pripnut\u00e9 na istiacom lane<\/span><\/p>\n<\/li>\n<li>\n<p style=\"margin-bottom: 0cm\">                <font face=\"Arial, sans-serif\">ka\u017ed\u00fa&nbsp;zmenu istenia (t.j. prepnutie istenia na istiacom lane z jednej&nbsp;prek\u00e1\u017eky&nbsp;<\/font><span style=\"font-family: Arial, sans-serif;\">na&nbsp;<\/span><span style=\"font-family: Arial, sans-serif;\">druh\u00fa) vykona\u0165 tak, \u017ee najprv prepnete jednu karab\u00ednu na istiace&nbsp;<\/span><span style=\"font-family: Arial, sans-serif;\">lano druhej&nbsp;<\/span><span style=\"font-family: Arial, sans-serif;\">prek\u00e1\u017eky&nbsp;<\/span><span style=\"font-family: Arial, sans-serif;\">a a\u017e potom druh\u00fa karab\u00ednu k nej. <br>NIKDY NIE OBE NARAZ !!! V\u017edy&nbsp;<\/span><span style=\"font-family: Arial, sans-serif;\">mus\u00edte&nbsp;<\/span><span style=\"font-family: Arial, sans-serif;\">by\u0165&nbsp;<\/span><span style=\"font-family: Arial, sans-serif;\">pripnut\u00fd k istiacemu lanu aspo\u0148 jednou karab\u00ednou okrem miest na&nbsp;<\/span><span style=\"font-family: Arial, sans-serif;\">dr\u00e1he kde sa to nevy\u017eaduje<\/span><\/p>\n<\/li>\n<li>\n<p style=\"margin-bottom: 0cm\">                <font face=\"Arial, sans-serif\">po\u010d\u00fava\u0165&nbsp;pokyny, pr\u00edkazy a z\u00e1kazy od vy\u0161kolenej obsluhy prev\u00e1dzky aj ke\u010f<br>\tste u\u017e na prek\u00e1\u017ekach&nbsp;<\/font><\/p>\n<\/li>\n<li>\n<p style=\"margin-bottom: 0cm\"><span style=\"font-family: Arial, sans-serif;\">aby&nbsp;<\/span><span style=\"font-family: Arial, sans-serif;\">na jednej prek\u00e1\u017eke lanov\u00e9ho parku nebol nikdy viac, ako jeden&nbsp;<\/span><span style=\"font-family: Arial, sans-serif;\">\u00fa\u010dastn\u00edk a na plo\u0161ine&nbsp;<\/span><span style=\"font-family: Arial, sans-serif;\">medzi&nbsp;<\/span><span style=\"font-family: Arial, sans-serif;\">prek\u00e1\u017ekami&nbsp;<\/span><span style=\"font-family: Arial, sans-serif;\">max. dvaja \u00fa\u010dastn\u00edci<\/span><\/p><\/li>\n<\/ul>\t\t\t\t\t\t<\/div>\n\t\t\t\t<\/div>\n\t\t\t\t\t<\/div>\n\t\t<\/div>\n\t\t\t\t<div class=\"elementor-column elementor-col-33 elementor-top-column elementor-element elementor-element-d03a220\" data-id=\"d03a220\" data-element_type=\"column\">\n\t\t\t<div class=\"elementor-widget-wrap elementor-element-populated\">\n\t\t\t\t\t\t\t\t<div class=\"elementor-element elementor-element-9d71b4e elementor-widget elementor-widget-text-editor\" data-id=\"9d71b4e\" data-element_type=\"widget\" data-widget_type=\"text-editor.default\">\n\t\t\t\t<div class=\"elementor-widget-container\">\n\t\t\t\t\t\t\t<p style=\"margin-bottom: 0cm\"><font face=\"Arial, sans-serif\"><br><\/font><\/p><p style=\"margin-bottom: 0cm\"><font face=\"Arial, sans-serif\"><b>V&nbsp;lanovom parku je v\u0161eobecne zak\u00e1zan\u00e9 :<\/b><\/font><\/p>\n<p><\/p>\n<ul>\n<li>\n<p style=\"margin-bottom: 0cm\">                <font face=\"Arial, sans-serif\">sa&nbsp;na dr\u00e1he pohybova\u0165 alebo st\u00e1\u0165 bez istenia<\/font><\/p>\n<\/li>\n<li>\n<p style=\"margin-bottom: 0cm\">                <font face=\"Arial, sans-serif\">pou\u017e\u00edva\u0165&nbsp;kladku na zjazd inde, ako na miestach pre toto pou\u017eitie ur\u010den\u00e9<\/font><\/p>\n<\/li>\n<li>\n<p style=\"margin-bottom: 0cm\">                <font face=\"Arial, sans-serif\">sp\u00fa\u0161\u0165a\u0165&nbsp;sa po lanovke ak je na jej dr\u00e1he alebo  konci in\u00fd \u00fa\u010dastn\u00edk<\/font><\/p>\n<\/li>\n<li>\n<p style=\"margin-bottom: 0cm\">                <font face=\"Arial, sans-serif\">ma\u0165&nbsp;pri sebe predmety, ktor\u00e9 by mohli ohrozi\u0165 Va\u0161e zdravie, alebo&nbsp;zdravie in\u00fdch <\/font>\n\t<\/p>\n<\/li>\n<li>\n<p style=\"margin-bottom: 0cm\">                <font face=\"Arial, sans-serif\">omot\u00e1va\u0165&nbsp;\u010dasti v\u00fdstroja okolo r\u00fak, prstov a in\u00fdch \u010dast\u00ed tela<\/font><\/p>\n<\/li>\n<li>\n<p style=\"margin-bottom: 0cm\">                <font face=\"Arial, sans-serif\">v&nbsp;priestoroch parku pou\u017e\u00edva\u0165 otvoren\u00fd ohe\u0148, faj\u010di\u0165, pou\u017e\u00edva\u0165&nbsp;alkohol alebo in\u00e9 omamn\u00e9 a&nbsp;<\/font><span style=\"font-family: Arial, sans-serif;\">psychotropn\u00e9&nbsp;<\/span><span style=\"font-family: Arial, sans-serif;\">l\u00e1tky v akejko\u013evek forme, by\u0165 pod vplyvom alkoholu, pou\u017e\u00edva\u0165&nbsp;<\/span><span style=\"font-family: Arial, sans-serif;\">mobiln\u00e9 telef\u00f3ny<\/span><\/p><\/li>\n<li>\n<p style=\"margin-bottom: 0cm\">                <font face=\"Arial, sans-serif\">pou\u017e\u00edva\u0165&nbsp;dr\u00e1hu: ak ste tehotn\u00e1 osoba, ak trp\u00edte ochoreniami ktor\u00e9 by sa&nbsp;mohli zhor\u0161i\u0165&nbsp;<\/font><span style=\"font-family: Arial, sans-serif;\">absolvovan\u00edm&nbsp;<\/span><span style=\"font-family: Arial, sans-serif;\">prek\u00e1\u017eok na dr\u00e1he<\/span><\/p><\/li>\n<li>\n<p style=\"margin-bottom: 0cm\">                <font face=\"Arial, sans-serif\">pou\u017e\u00edva\u0165&nbsp;v parku vlastn\u00fd v\u00fdstroj<\/font><\/p>\n<\/li>\n<\/ul>\t\t\t\t\t\t<\/div>\n\t\t\t\t<\/div>\n\t\t\t\t\t<\/div>\n\t\t<\/div>\n\t\t\t\t\t\t\t<\/div>\n\t\t<\/section>\n\t\t\t\t<section class=\"elementor-section elementor-top-section elementor-element elementor-element-516c54e elementor-section-boxed elementor-section-height-default elementor-section-height-default\" data-id=\"516c54e\" data-element_type=\"section\">\n\t\t\t\t\t\t<div class=\"elementor-container elementor-column-gap-default\">\n\t\t\t\t\t<div class=\"elementor-column elementor-col-100 elementor-top-column elementor-element elementor-element-1356b5f\" data-id=\"1356b5f\" data-element_type=\"column\">\n\t\t\t<div class=\"elementor-widget-wrap elementor-element-populated\">\n\t\t\t\t\t\t\t\t<div class=\"elementor-element elementor-element-9f6cf1b elementor-widget elementor-widget-heading\" data-id=\"9f6cf1b\" data-element_type=\"widget\" data-widget_type=\"heading.default\">\n\t\t\t\t<div class=\"elementor-widget-container\">\n\t\t\t<h5 class=\"elementor-heading-title elementor-size-default\"><p style=\"margin-bottom: 0cm\"><font face=\"Arial, sans-serif\">PREV\u00c1DZKOVATE\u013d NEZODPOVED\u00c1:<\/font><span style=\"font-size: 1.5rem;\"><\/span><\/p><\/h5>\t\t<\/div>\n\t\t\t\t<\/div>\n\t\t\t\t\t<\/div>\n\t\t<\/div>\n\t\t\t\t\t\t\t<\/div>\n\t\t<\/section>\n\t\t\t\t<section class=\"elementor-section elementor-top-section elementor-element elementor-element-4ade1f0 elementor-section-boxed elementor-section-height-default elementor-section-height-default\" data-id=\"4ade1f0\" data-element_type=\"section\">\n\t\t\t\t\t\t<div class=\"elementor-container elementor-column-gap-default\">\n\t\t\t\t\t<div class=\"elementor-column elementor-col-100 elementor-top-column elementor-element elementor-element-5346491\" data-id=\"5346491\" data-element_type=\"column\">\n\t\t\t<div class=\"elementor-widget-wrap elementor-element-populated\">\n\t\t\t\t\t\t\t\t<div class=\"elementor-element elementor-element-37c02a5 elementor-widget elementor-widget-text-editor\" data-id=\"37c02a5\" data-element_type=\"widget\" data-widget_type=\"text-editor.default\">\n\t\t\t\t<div class=\"elementor-widget-container\">\n\t\t\t\t\t\t\t<p style=\"margin-bottom: 0cm\"><font face=\"Arial, sans-serif\">za ujmy&nbsp;na zdrav\u00ed , materi\u00e1lne \u0161kody a ani ak\u00e9ko\u013evek in\u00e9 ujmy<\/font>&nbsp;<span style=\"font-family: Arial, sans-serif;\">sp\u00f4soben\u00e9&nbsp;nedodr\u017eiavan\u00edm pr\u00edpadne poru\u0161en\u00edm prev\u00e1dzkov\u00e9ho poriadku parku<\/span><\/p>\t\t\t\t\t\t<\/div>\n\t\t\t\t<\/div>\n\t\t\t\t\t<\/div>\n\t\t<\/div>\n\t\t\t\t\t\t\t<\/div>\n\t\t<\/section>\n\t\t\t\t\t\t\t<\/div>\n\t\t","protected":false},"excerpt":{"rendered":"<p>SAMA PR\u00cdRODA JE TO, \u010cO N\u00c1S SP\u00c1JA &#8230; SME SPOLO\u010cNOS\u0164 ktor\u00e1 stavia, udr\u017eiava a prev\u00e1dzkuje lanov\u00e9 z\u00e1bavn\u00e9 parky v pr\u00edrode. [&hellip;]<\/p>\n","protected":false},"author":1,"featured_media":0,"parent":0,"menu_order":0,"comment_status":"closed","ping_status":"closed","template":"page-templates\/template_page-builder.php","meta":{"footnotes":""},"_links":{"self":[{"href":"https:\/\/www.squirrelpark.sk\/index.php\/wp-json\/wp\/v2\/pages\/279"}],"collection":[{"href":"https:\/\/www.squirrelpark.sk\/index.php\/wp-json\/wp\/v2\/pages"}],"about":[{"href":"https:\/\/www.squirrelpark.sk\/index.php\/wp-json\/wp\/v2\/types\/page"}],"author":[{"embeddable":true,"href":"https:\/\/www.squirrelpark.sk\/index.php\/wp-json\/wp\/v2\/users\/1"}],"replies":[{"embeddable":true,"href":"https:\/\/www.squirrelpark.sk\/index.php\/wp-json\/wp\/v2\/comments?post=279"}],"version-history":[{"count":109,"href":"https:\/\/www.squirrelpark.sk\/index.php\/wp-json\/wp\/v2\/pages\/279\/revisions"}],"predecessor-version":[{"id":841,"href":"https:\/\/www.squirrelpark.sk\/index.php\/wp-json\/wp\/v2\/pages\/279\/revisions\/841"}],"wp:attachment":[{"href":"https:\/\/www.squirrelpark.sk\/index.php\/wp-json\/wp\/v2\/media?parent=279"}],"curies":[{"name":"wp","href":"https:\/\/api.w.org\/{rel}","templated":true}]}}